{"id":24525,"date":"2021-05-17T16:20:23","date_gmt":"2021-05-17T15:20:23","guid":{"rendered":"https:\/\/fosgv-vdascq.fr\/?page_id=24525"},"modified":"2026-03-21T16:13:32","modified_gmt":"2026-03-21T15:13:32","slug":"accueil","status":"publish","type":"page","link":"https:\/\/fosgv-vdascq.fr\/","title":{"rendered":"Accueil"},"content":{"rendered":"\n<figure class=\"wp-block-image size-large is-resized\"><img data-recalc-dims=\"1\" loading=\"lazy\" decoding=\"async\" width=\"584\" height=\"79\" data-attachment-id=\"24386\" data-permalink=\"https:\/\/fosgv-vdascq.fr\/bandeau-logo1180-160_2021\/\" data-orig-file=\"https:\/\/i0.wp.com\/fosgv-vdascq.fr\/wp-content\/uploads\/2021\/05\/Bandeau-logo1180-160_2021.png?fit=1180%2C160&amp;ssl=1\" data-orig-size=\"1180,160\" data-comments-opened=\"1\" data-image-meta=\"{&quot;aperture&quot;:&quot;0&quot;,&quot;credit&quot;:&quot;&quot;,&quot;camera&quot;:&quot;&quot;,&quot;caption&quot;:&quot;&quot;,&quot;created_timestamp&quot;:&quot;0&quot;,&quot;copyright&quot;:&quot;&quot;,&quot;focal_length&quot;:&quot;0&quot;,&quot;iso&quot;:&quot;0&quot;,&quot;shutter_speed&quot;:&quot;0&quot;,&quot;title&quot;:&quot;&quot;,&quot;orientation&quot;:&quot;0&quot;}\" data-image-title=\"Bandeau-logo1180-160_2021\" data-image-description=\"\" data-image-caption=\"\" data-medium-file=\"https:\/\/i0.wp.com\/fosgv-vdascq.fr\/wp-content\/uploads\/2021\/05\/Bandeau-logo1180-160_2021.png?fit=300%2C41&amp;ssl=1\" data-large-file=\"https:\/\/i0.wp.com\/fosgv-vdascq.fr\/wp-content\/uploads\/2021\/05\/Bandeau-logo1180-160_2021.png?fit=584%2C79&amp;ssl=1\" src=\"https:\/\/i0.wp.com\/fosgv-vdascq.fr\/wp-content\/uploads\/2021\/05\/Bandeau-logo1180-160_2021.png?resize=584%2C79&#038;ssl=1\" alt=\"\" class=\"wp-image-24386\" srcset=\"https:\/\/i0.wp.com\/fosgv-vdascq.fr\/wp-content\/uploads\/2021\/05\/Bandeau-logo1180-160_2021.png?resize=1024%2C139&amp;ssl=1 1024w, https:\/\/i0.wp.com\/fosgv-vdascq.fr\/wp-content\/uploads\/2021\/05\/Bandeau-logo1180-160_2021.png?resize=300%2C41&amp;ssl=1 300w, https:\/\/i0.wp.com\/fosgv-vdascq.fr\/wp-content\/uploads\/2021\/05\/Bandeau-logo1180-160_2021.png?w=1180&amp;ssl=1 1180w\" sizes=\"auto, (max-width: 584px) 100vw, 584px\" \/><\/figure>\n\n\n\n<p style=\"font-size:22px\"><strong>F<\/strong>orme <strong>O<\/strong>bjectif <strong>S<\/strong>ant\u00e9 <strong>G<\/strong>ymnastique <strong>V<\/strong>olontaire : <strong>FOS GV<\/strong><\/p>\n\n\n\n<ul class=\"wp-block-list\">\n<li>est une association sportive de Villeneuve d\u2019Ascq affili\u00e9e \u00e0 la F\u00e9d\u00e9ration Fran\u00e7aise d\u2019\u00c9ducation Physique et Gymnastique Volontaire (<a href=\"https:\/\/ffepgv.fr\/\">FFEPGV<\/a>).<\/li>\n\n\n\n<li>propose : renforcement musculaire \u2013 pilates \u2013 gymnastique dynamique \u2013 \u00e9tirements-gymnastique dynamique sur chaise.<\/li>\n\n\n\n<li>En 2016 a obtenu le label <strong>Sport-sant\u00e9<\/strong>.<\/li>\n<\/ul>\n\n\n\n<p class=\"has-text-align-center has-medium-font-size\">Pour adultes (<strong>\u00e0 partir de 16 ans<\/strong>)<\/p>\n\n\n<div class=\"wp-block-image\">\n<figure class=\"alignright size-large is-resized\"><img data-recalc-dims=\"1\" loading=\"lazy\" decoding=\"async\" width=\"584\" height=\"241\" data-attachment-id=\"28928\" data-permalink=\"https:\/\/fosgv-vdascq.fr\/index.php\/accueil\/logovda-horizontal-quadri\/\" data-orig-file=\"https:\/\/i0.wp.com\/fosgv-vdascq.fr\/wp-content\/uploads\/2023\/12\/LogoVDA-Horizontal-quadri.png?fit=2008%2C827&amp;ssl=1\" data-orig-size=\"2008,827\" data-comments-opened=\"1\" data-image-meta=\"{&quot;aperture&quot;:&quot;0&quot;,&quot;credit&quot;:&quot;&quot;,&quot;camera&quot;:&quot;&quot;,&quot;caption&quot;:&quot;&quot;,&quot;created_timestamp&quot;:&quot;0&quot;,&quot;copyright&quot;:&quot;&quot;,&quot;focal_length&quot;:&quot;0&quot;,&quot;iso&quot;:&quot;0&quot;,&quot;shutter_speed&quot;:&quot;0&quot;,&quot;title&quot;:&quot;&quot;,&quot;orientation&quot;:&quot;0&quot;}\" data-image-title=\"LogoVDA-Horizontal-quadri\" data-image-description=\"\" data-image-caption=\"\" data-medium-file=\"https:\/\/i0.wp.com\/fosgv-vdascq.fr\/wp-content\/uploads\/2023\/12\/LogoVDA-Horizontal-quadri.png?fit=300%2C124&amp;ssl=1\" data-large-file=\"https:\/\/i0.wp.com\/fosgv-vdascq.fr\/wp-content\/uploads\/2023\/12\/LogoVDA-Horizontal-quadri.png?fit=584%2C241&amp;ssl=1\" src=\"https:\/\/i0.wp.com\/fosgv-vdascq.fr\/wp-content\/uploads\/2023\/12\/LogoVDA-Horizontal-quadri.png?resize=584%2C241&#038;ssl=1\" alt=\"\" class=\"wp-image-28928\" style=\"width:214px;height:auto\" srcset=\"https:\/\/i0.wp.com\/fosgv-vdascq.fr\/wp-content\/uploads\/2023\/12\/LogoVDA-Horizontal-quadri.png?resize=1024%2C422&amp;ssl=1 1024w, https:\/\/i0.wp.com\/fosgv-vdascq.fr\/wp-content\/uploads\/2023\/12\/LogoVDA-Horizontal-quadri.png?resize=300%2C124&amp;ssl=1 300w, https:\/\/i0.wp.com\/fosgv-vdascq.fr\/wp-content\/uploads\/2023\/12\/LogoVDA-Horizontal-quadri.png?resize=1536%2C633&amp;ssl=1 1536w, https:\/\/i0.wp.com\/fosgv-vdascq.fr\/wp-content\/uploads\/2023\/12\/LogoVDA-Horizontal-quadri.png?resize=500%2C206&amp;ssl=1 500w, https:\/\/i0.wp.com\/fosgv-vdascq.fr\/wp-content\/uploads\/2023\/12\/LogoVDA-Horizontal-quadri.png?w=2008&amp;ssl=1 2008w, https:\/\/i0.wp.com\/fosgv-vdascq.fr\/wp-content\/uploads\/2023\/12\/LogoVDA-Horizontal-quadri.png?w=1168&amp;ssl=1 1168w, https:\/\/i0.wp.com\/fosgv-vdascq.fr\/wp-content\/uploads\/2023\/12\/LogoVDA-Horizontal-quadri.png?w=1752&amp;ssl=1 1752w\" sizes=\"auto, (max-width: 584px) 100vw, 584px\" \/><\/figure>\n<\/div>","protected":false},"excerpt":{"rendered":"<p>Forme Objectif Sant\u00e9 Gymnastique Volontaire : FOS GV Pour adultes (\u00e0 partir de 16 ans)<\/p>\n","protected":false},"author":3,"featured_media":0,"parent":0,"menu_order":0,"comment_status":"closed","ping_status":"closed","template":"","meta":{"jetpack_post_was_ever_published":false,"footnotes":""},"class_list":["post-24525","page","type-page","status-publish","hentry"],"jetpack_sharing_enabled":true,"jetpack_shortlink":"https:\/\/wp.me\/P7ic72-6nz","jetpack-related-posts":[],"_links":{"self":[{"href":"https:\/\/fosgv-vdascq.fr\/index.php\/wp-json\/wp\/v2\/pages\/24525","targetHints":{"allow":["GET"]}}],"collection":[{"href":"https:\/\/fosgv-vdascq.fr\/index.php\/wp-json\/wp\/v2\/pages"}],"about":[{"href":"https:\/\/fosgv-vdascq.fr\/index.php\/wp-json\/wp\/v2\/types\/page"}],"author":[{"embeddable":true,"href":"https:\/\/fosgv-vdascq.fr\/index.php\/wp-json\/wp\/v2\/users\/3"}],"replies":[{"embeddable":true,"href":"https:\/\/fosgv-vdascq.fr\/index.php\/wp-json\/wp\/v2\/comments?post=24525"}],"version-history":[{"count":18,"href":"https:\/\/fosgv-vdascq.fr\/index.php\/wp-json\/wp\/v2\/pages\/24525\/revisions"}],"predecessor-version":[{"id":30872,"href":"https:\/\/fosgv-vdascq.fr\/index.php\/wp-json\/wp\/v2\/pages\/24525\/revisions\/30872"}],"wp:attachment":[{"href":"https:\/\/fosgv-vdascq.fr\/index.php\/wp-json\/wp\/v2\/media?parent=24525"}],"curies":[{"name":"wp","href":"https:\/\/api.w.org\/{rel}","templated":true}]}}