{"id":24681,"date":"2021-05-30T17:20:39","date_gmt":"2021-05-30T16:20:39","guid":{"rendered":"https:\/\/fosgv-vdascq.fr\/?page_id=24681"},"modified":"2025-06-20T15:56:40","modified_gmt":"2025-06-20T14:56:40","slug":"nos-animateurs","status":"publish","type":"page","link":"https:\/\/fosgv-vdascq.fr\/index.php\/nos-animateurs\/","title":{"rendered":"Nos Animateurs"},"content":{"rendered":"\n<div class=\"wp-block-media-text alignwide is-stacked-on-mobile\" style=\"grid-template-columns:21% auto\"><figure class=\"wp-block-media-text__media\"><img data-recalc-dims=\"1\" decoding=\"async\" src=\"https:\/\/i0.wp.com\/fosgv-vdascq.fr\/wp-content\/uploads\/2021\/05\/Damien-animateur-2c.jpg?w=584&#038;ssl=1\" alt=\"\" class=\"wp-image-111 size-full\"\/><\/figure><div class=\"wp-block-media-text__content\">\n<p class=\"has-normal-font-size\">Damien est au FOS-GV depuis janvier 2002.<br>Dipl\u00f4m\u00e9 EPGV<br>Maitrise sciences et techniques des activit\u00e9s physiques et sportives<br>Gym dynamique &#8211; Cardio &#8211;  Gym d&rsquo;entretien <\/p>\n<\/div><\/div>\n\n\n\n<pre class=\"wp-block-verse\"><\/pre>\n\n\n\n<div class=\"wp-block-media-text alignwide is-stacked-on-mobile\" style=\"grid-template-columns:19% auto\"><figure class=\"wp-block-media-text__media\"><img data-recalc-dims=\"1\" decoding=\"async\" src=\"https:\/\/i0.wp.com\/fosgv-vdascq.fr\/wp-content\/uploads\/2016\/03\/IMGP11891.jpg?w=584&#038;ssl=1\" alt=\"\" class=\"wp-image-88 size-full\"\/><\/figure><div class=\"wp-block-media-text__content\">\n<p class=\"has-normal-font-size\">Isabelle est au FOS-GV depuis septembre 2003.<br>Dipl\u00f4m\u00e9e EPGV<br>Le renforcement musculaire<br>Gym d&rsquo;entretien<br><\/p>\n<\/div><\/div>\n\n\n\n<pre class=\"wp-block-verse\"><\/pre>\n\n\n\n<div class=\"wp-block-media-text alignwide is-stacked-on-mobile\" style=\"grid-template-columns:19% auto\"><figure class=\"wp-block-media-text__media\"><img data-recalc-dims=\"1\" loading=\"lazy\" decoding=\"async\" width=\"584\" height=\"678\" data-attachment-id=\"24668\" data-permalink=\"https:\/\/fosgv-vdascq.fr\/sylvie2r\/\" data-orig-file=\"https:\/\/i0.wp.com\/fosgv-vdascq.fr\/wp-content\/uploads\/2021\/05\/Sylvie2r.jpg?fit=709%2C823&amp;ssl=1\" data-orig-size=\"709,823\" data-comments-opened=\"1\" data-image-meta=\"{&quot;aperture&quot;:&quot;0&quot;,&quot;credit&quot;:&quot;&quot;,&quot;camera&quot;:&quot;&quot;,&quot;caption&quot;:&quot;&quot;,&quot;created_timestamp&quot;:&quot;0&quot;,&quot;copyright&quot;:&quot;&quot;,&quot;focal_length&quot;:&quot;0&quot;,&quot;iso&quot;:&quot;0&quot;,&quot;shutter_speed&quot;:&quot;0&quot;,&quot;title&quot;:&quot;&quot;,&quot;orientation&quot;:&quot;1&quot;}\" data-image-title=\"Sylvie2r\" data-image-description=\"\" data-image-caption=\"\" data-large-file=\"https:\/\/i0.wp.com\/fosgv-vdascq.fr\/wp-content\/uploads\/2021\/05\/Sylvie2r.jpg?fit=584%2C678&amp;ssl=1\" src=\"https:\/\/i0.wp.com\/fosgv-vdascq.fr\/wp-content\/uploads\/2021\/05\/Sylvie2r.jpg?resize=584%2C678&#038;ssl=1\" alt=\"\" class=\"wp-image-24668 size-full\" srcset=\"https:\/\/i0.wp.com\/fosgv-vdascq.fr\/wp-content\/uploads\/2021\/05\/Sylvie2r.jpg?w=709&amp;ssl=1 709w, https:\/\/i0.wp.com\/fosgv-vdascq.fr\/wp-content\/uploads\/2021\/05\/Sylvie2r.jpg?resize=258%2C300&amp;ssl=1 258w\" sizes=\"auto, (max-width: 584px) 100vw, 584px\" \/><\/figure><div class=\"wp-block-media-text__content\">\n<p>Sylvie est au FOS-GV depuis septembre 2019.<br>Dipl\u00f4m\u00e9e EPGV<br>Pilates<br>Stretching<\/p>\n<\/div><\/div>\n\n\n\n<div class=\"wp-block-media-text alignwide is-stacked-on-mobile\" style=\"grid-template-columns:19% auto\"><figure class=\"wp-block-media-text__media\"><img data-recalc-dims=\"1\" loading=\"lazy\" decoding=\"async\" width=\"126\" height=\"146\" data-attachment-id=\"28689\" data-permalink=\"https:\/\/fosgv-vdascq.fr\/aureliewallaert-r\/\" data-orig-file=\"https:\/\/i0.wp.com\/fosgv-vdascq.fr\/wp-content\/uploads\/2023\/07\/AurelieWallaert-r.jpg?fit=126%2C146&amp;ssl=1\" data-orig-size=\"126,146\" data-comments-opened=\"1\" data-image-meta=\"{&quot;aperture&quot;:&quot;0&quot;,&quot;credit&quot;:&quot;&quot;,&quot;camera&quot;:&quot;&quot;,&quot;caption&quot;:&quot;&quot;,&quot;created_timestamp&quot;:&quot;0&quot;,&quot;copyright&quot;:&quot;&quot;,&quot;focal_length&quot;:&quot;0&quot;,&quot;iso&quot;:&quot;0&quot;,&quot;shutter_speed&quot;:&quot;0&quot;,&quot;title&quot;:&quot;&quot;,&quot;orientation&quot;:&quot;1&quot;}\" data-image-title=\"Aur\u00e9lieWallaert-r\" data-image-description=\"\" data-image-caption=\"\" data-large-file=\"https:\/\/i0.wp.com\/fosgv-vdascq.fr\/wp-content\/uploads\/2023\/07\/AurelieWallaert-r.jpg?fit=126%2C146&amp;ssl=1\" src=\"https:\/\/i0.wp.com\/fosgv-vdascq.fr\/wp-content\/uploads\/2023\/07\/AurelieWallaert-r.jpg?resize=126%2C146&#038;ssl=1\" alt=\"\" class=\"wp-image-28689 size-full\"\/><\/figure><div class=\"wp-block-media-text__content\">\n<p class=\"has-normal-font-size\">Aur\u00e9lie est au FOS-GV depuis septembre 2023.<br>Dipl\u00f4m\u00e9e EPGV<br>Gym dynamique<\/p>\n<\/div><\/div>\n\n\n\n<div class=\"wp-block-media-text alignwide is-stacked-on-mobile\" style=\"grid-template-columns:19% auto\"><figure class=\"wp-block-media-text__media\"><img data-recalc-dims=\"1\" loading=\"lazy\" decoding=\"async\" width=\"584\" height=\"535\" data-attachment-id=\"29148\" data-permalink=\"https:\/\/fosgv-vdascq.fr\/20240325_114306\/\" data-orig-file=\"https:\/\/i0.wp.com\/fosgv-vdascq.fr\/wp-content\/uploads\/2024\/03\/20240325_114306.jpg?fit=2077%2C1902&amp;ssl=1\" data-orig-size=\"2077,1902\" data-comments-opened=\"1\" data-image-meta=\"{&quot;aperture&quot;:&quot;1.8&quot;,&quot;credit&quot;:&quot;&quot;,&quot;camera&quot;:&quot;SM-F721B&quot;,&quot;caption&quot;:&quot;&quot;,&quot;created_timestamp&quot;:&quot;1711366986&quot;,&quot;copyright&quot;:&quot;&quot;,&quot;focal_length&quot;:&quot;5&quot;,&quot;iso&quot;:&quot;200&quot;,&quot;shutter_speed&quot;:&quot;0.0055&quot;,&quot;title&quot;:&quot;&quot;,&quot;orientation&quot;:&quot;1&quot;}\" data-image-title=\"20240325_114306\" data-image-description=\"\" data-image-caption=\"\" data-large-file=\"https:\/\/i0.wp.com\/fosgv-vdascq.fr\/wp-content\/uploads\/2024\/03\/20240325_114306.jpg?fit=584%2C535&amp;ssl=1\" src=\"https:\/\/i0.wp.com\/fosgv-vdascq.fr\/wp-content\/uploads\/2024\/03\/20240325_114306.jpg?resize=584%2C535&#038;ssl=1\" alt=\"\" class=\"wp-image-29148 size-full\" srcset=\"https:\/\/i0.wp.com\/fosgv-vdascq.fr\/wp-content\/uploads\/2024\/03\/20240325_114306.jpg?resize=1024%2C938&amp;ssl=1 1024w, https:\/\/i0.wp.com\/fosgv-vdascq.fr\/wp-content\/uploads\/2024\/03\/20240325_114306.jpg?resize=300%2C275&amp;ssl=1 300w, https:\/\/i0.wp.com\/fosgv-vdascq.fr\/wp-content\/uploads\/2024\/03\/20240325_114306.jpg?resize=1536%2C1407&amp;ssl=1 1536w, https:\/\/i0.wp.com\/fosgv-vdascq.fr\/wp-content\/uploads\/2024\/03\/20240325_114306.jpg?resize=2048%2C1875&amp;ssl=1 2048w, https:\/\/i0.wp.com\/fosgv-vdascq.fr\/wp-content\/uploads\/2024\/03\/20240325_114306.jpg?resize=328%2C300&amp;ssl=1 328w, https:\/\/i0.wp.com\/fosgv-vdascq.fr\/wp-content\/uploads\/2024\/03\/20240325_114306.jpg?w=1168&amp;ssl=1 1168w, https:\/\/i0.wp.com\/fosgv-vdascq.fr\/wp-content\/uploads\/2024\/03\/20240325_114306.jpg?w=1752&amp;ssl=1 1752w\" sizes=\"auto, (max-width: 584px) 100vw, 584px\" \/><\/figure><div class=\"wp-block-media-text__content\">\n<p class=\"has-normal-font-size\">Margot est au FOS-GV depuis mars 2024.<br>Dipl\u00f4m\u00e9e EPGV<br>Gym dynamique<\/p>\n<\/div><\/div>\n\n\n\n<pre class=\"wp-block-verse\"><\/pre>\n","protected":false},"excerpt":{"rendered":"<p>Damien est au FOS-GV depuis janvier 2002.Dipl\u00f4m\u00e9 EPGVMaitrise sciences et techniques des activit\u00e9s physiques et sportivesGym dynamique &#8211; Cardio &#8211; Gym d&rsquo;entretien Isabelle est au FOS-GV depuis septembre 2003.Dipl\u00f4m\u00e9e EPGVLe renforcement musculaireGym d&rsquo;entretien Sylvie est au FOS-GV depuis septembre 2019.Dipl\u00f4m\u00e9e &hellip; <a href=\"https:\/\/fosgv-vdascq.fr\/index.php\/nos-animateurs\/\">Continuer la lecture <span class=\"meta-nav\">&rarr;<\/span><\/a><\/p>\n","protected":false},"author":3,"featured_media":0,"parent":0,"menu_order":0,"comment_status":"closed","ping_status":"closed","template":"","meta":{"jetpack_post_was_ever_published":false,"footnotes":""},"class_list":["post-24681","page","type-page","status-publish","hentry"],"jetpack_sharing_enabled":true,"jetpack_shortlink":"https:\/\/wp.me\/P7ic72-6q5","jetpack-related-posts":[],"_links":{"self":[{"href":"https:\/\/fosgv-vdascq.fr\/index.php\/wp-json\/wp\/v2\/pages\/24681","targetHints":{"allow":["GET"]}}],"collection":[{"href":"https:\/\/fosgv-vdascq.fr\/index.php\/wp-json\/wp\/v2\/pages"}],"about":[{"href":"https:\/\/fosgv-vdascq.fr\/index.php\/wp-json\/wp\/v2\/types\/page"}],"author":[{"embeddable":true,"href":"https:\/\/fosgv-vdascq.fr\/index.php\/wp-json\/wp\/v2\/users\/3"}],"replies":[{"embeddable":true,"href":"https:\/\/fosgv-vdascq.fr\/index.php\/wp-json\/wp\/v2\/comments?post=24681"}],"version-history":[{"count":18,"href":"https:\/\/fosgv-vdascq.fr\/index.php\/wp-json\/wp\/v2\/pages\/24681\/revisions"}],"predecessor-version":[{"id":30114,"href":"https:\/\/fosgv-vdascq.fr\/index.php\/wp-json\/wp\/v2\/pages\/24681\/revisions\/30114"}],"wp:attachment":[{"href":"https:\/\/fosgv-vdascq.fr\/index.php\/wp-json\/wp\/v2\/media?parent=24681"}],"curies":[{"name":"wp","href":"https:\/\/api.w.org\/{rel}","templated":true}]}}