{"id":24690,"date":"2021-05-30T17:24:42","date_gmt":"2021-05-30T16:24:42","guid":{"rendered":"https:\/\/fosgv-vdascq.fr\/?page_id=24690"},"modified":"2021-05-30T17:24:42","modified_gmt":"2021-05-30T16:24:42","slug":"gymnastique","status":"publish","type":"page","link":"https:\/\/fosgv-vdascq.fr\/index.php\/gymnastique\/","title":{"rendered":"Gymnastique"},"content":{"rendered":"\n<p class=\"has-medium-font-size\">La gymnastique volontaire propose des activit\u00e9s physiques et de bien-\u00eatre : Gym dynamique, gym d\u2019entretien, \u00e9quilibre, cardio&#8230;<\/p>\n\n\n\n<p class=\"has-medium-font-size\">Les cours de Gymnastique Volontaire pratiqu\u00e9s en groupe s\u2019adressent aux personnes qui d\u00e9sirent d\u00e9velopper, entretenir et am\u00e9liorer leur forme physique et leur sant\u00e9.<\/p>\n\n\n\n<p class=\"has-medium-font-size\">La pratique de la Gymnastique Volontaire entraine une am\u00e9lioration de l\u2019hygi\u00e8ne de vie, de l\u2019estime de soi et des autres sans esprit de comp\u00e9tition.<\/p>\n","protected":false},"excerpt":{"rendered":"<p>La gymnastique volontaire propose des activit\u00e9s physiques et de bien-\u00eatre : Gym dynamique, gym d\u2019entretien, \u00e9quilibre, cardio&#8230; Les cours de Gymnastique Volontaire pratiqu\u00e9s en groupe s\u2019adressent aux personnes qui d\u00e9sirent d\u00e9velopper, entretenir et am\u00e9liorer leur forme physique et leur sant\u00e9. &hellip; <a href=\"https:\/\/fosgv-vdascq.fr\/index.php\/gymnastique\/\">Continuer la lecture <span class=\"meta-nav\">&rarr;<\/span><\/a><\/p>\n","protected":false},"author":3,"featured_media":0,"parent":0,"menu_order":0,"comment_status":"closed","ping_status":"closed","template":"","meta":{"footnotes":""},"class_list":["post-24690","page","type-page","status-publish","hentry"],"jetpack_sharing_enabled":true,"jetpack_shortlink":"https:\/\/wp.me\/P7ic72-6qe","jetpack-related-posts":[],"_links":{"self":[{"href":"https:\/\/fosgv-vdascq.fr\/index.php\/wp-json\/wp\/v2\/pages\/24690","targetHints":{"allow":["GET"]}}],"collection":[{"href":"https:\/\/fosgv-vdascq.fr\/index.php\/wp-json\/wp\/v2\/pages"}],"about":[{"href":"https:\/\/fosgv-vdascq.fr\/index.php\/wp-json\/wp\/v2\/types\/page"}],"author":[{"embeddable":true,"href":"https:\/\/fosgv-vdascq.fr\/index.php\/wp-json\/wp\/v2\/users\/3"}],"replies":[{"embeddable":true,"href":"https:\/\/fosgv-vdascq.fr\/index.php\/wp-json\/wp\/v2\/comments?post=24690"}],"version-history":[{"count":1,"href":"https:\/\/fosgv-vdascq.fr\/index.php\/wp-json\/wp\/v2\/pages\/24690\/revisions"}],"predecessor-version":[{"id":24691,"href":"https:\/\/fosgv-vdascq.fr\/index.php\/wp-json\/wp\/v2\/pages\/24690\/revisions\/24691"}],"wp:attachment":[{"href":"https:\/\/fosgv-vdascq.fr\/index.php\/wp-json\/wp\/v2\/media?parent=24690"}],"curies":[{"name":"wp","href":"https:\/\/api.w.org\/{rel}","templated":true}]}}