{"id":37,"date":"2016-03-02T14:39:49","date_gmt":"2016-03-02T13:39:49","guid":{"rendered":"http:\/\/fosgv-vdascq.fr\/?page_id=37"},"modified":"2025-11-24T18:51:21","modified_gmt":"2025-11-24T17:51:21","slug":"tarifs","status":"publish","type":"page","link":"https:\/\/fosgv-vdascq.fr\/index.php\/tarifs\/","title":{"rendered":"Tarifs et inscriptions"},"content":{"rendered":"\n<p class=\"has-text-align-center has-white-color has-black-background-color has-text-color has-background has-medium-font-size\"><strong>COURS<\/strong><\/p>\n\n\n<p>Les cours sont dispens\u00e9s tout au long de la saison 2025-2026, <strong>sauf pendant les vacances scolaires et les jours f\u00e9ri\u00e9s<\/strong>.<\/p>\n\n\n<h1 class=\"wp-block-heading has-medium-font-size\"><strong><span style=\"color: #0000ff;\"><mark style=\"background-color:rgba(0, 0, 0, 0)\" class=\"has-inline-color has-black-color\">TARIFS* SAISON 2025 &#8211; 2026 : <\/mark><\/span><\/strong><\/h1>\n\n\n\n<p class=\"has-text-align-left has-normal-font-size\">Montant de la cotisation annuelle <em>(non remboursable)<\/em><strong> <\/strong>qui permet de participer \u00e0 autant de cours que vous le d\u00e9sirez (licence et assurance obligatoires comprises)<strong>&nbsp;<\/strong>: pour l\u2019ann\u00e9e scolaire 2025-2026<\/p>\n\n\n\n<ul class=\"wp-block-list\">\n<li>Jeune (16 et 17 ans) 90\u20ac<\/li>\n\n\n\n<li>Adulte (18 ans et plus) 105 \u20ac<\/li>\n\n\n\n<li>Couple ou 2 personnes faisant partie du m\u00eame foyer fiscal 190 \u20ac<\/li>\n\n\n\n<li><a href=\"https:\/\/fosgv-vdascq.fr\/wp-content\/uploads\/2025\/09\/tarifs25-26.pdf\">Tarifs d\u00e9gressifs<\/a> \u00e0 partir de janvier 2026<\/li>\n<\/ul>\n\n\n\n<p class=\"has-black-color has-text-color has-normal-font-size\"><span style=\"color: #0000ff;\"><\/span>(Les ch\u00e8ques sont \u00e0 libeller au nom du <strong>FOS-GV.<\/strong>)<\/p>\n\n\n\n<p class=\"has-black-color has-text-color has-medium-font-size\"><strong>MODALIT\u00c9S D&rsquo;INSCRIPTION<\/strong><\/p>\n\n\n<ul>\n<li>Remplir la <a href=\"https:\/\/fosgv-vdascq.fr\/wp-content\/uploads\/2025\/11\/fiche-inscription-25-26_2.pdf\"><strong>fiche inscription 2025 \u2013 2026<\/strong>.<\/a><\/li>\n<li>Remplir le <a href=\"https:\/\/fosgv-vdascq.fr\/wp-content\/uploads\/2025\/09\/QuestionnaireSanteFosEPGV2025-09_2.pdf\"><strong>Questionnaire de sant\u00e9 2025-2026<\/strong><\/a>\u00a0et l\u2019apporter lors de votre inscription ou au besoin un certificat m\u00e9dical datant de moins de 6 mois.\n<p class=\"has-normal-font-size\"><span style=\"color: #ff0000;\"><span style=\"text-decoration: underline;\"><strong>Le dossier devra \u00eatre complet<\/strong><\/span>.<\/span><\/p>\n<p><strong>NOTA<\/strong> : Les 2 documents ci-dessus sont con\u00e7us pour \u00eatre remplis avec PC.<\/p>\n<\/li>\n<\/ul>\n<p><!-- \/wp:post-content --><\/p>\n<p><!-- \/wp:list --><\/p>\n<p><!-- wp:paragraph {\"fontSize\":\"medium\"} --><\/p>\n<p class=\"has-medium-font-size\"><span style=\"color: #ff0000;\"><strong>PR\u00c9INSCRIPTIONS<\/strong><\/span><\/p>\n<p><!-- \/wp:paragraph --><\/p>\n<p><!-- wp:paragraph {\"textColor\":\"black\",\"className\":\"has-black-color has-text-color has-link-color\"} --><\/p>\n<p><span style=\"color: #ff0000;\"><strong>Les pr\u00e9inscriptions <\/strong><\/span>de la saison 2025-2026 auront lieu les :<br \/>\u00a0 \u00a0 * jeudi <strong>28 ao\u00fbt<\/strong> 2025 <strong>salle Masqueliez<\/strong> de <strong>9h30 \u00e0 11h00<\/strong><br \/>\u00a0 \u00a0 * jeudi <strong>28 ao\u00fbt<\/strong> 2025 <strong>salle L\u00e9o Lagrange<\/strong> de <strong>19h00 \u00e0 20h00<\/strong><br \/>\u00a0 \u00a0 * vendredi <strong>29 ao\u00fbt<\/strong> 2025 <strong>salle L\u00e9o Lagrange<\/strong> de <strong>9h00 \u00e0 10h00<\/strong><\/p>\n<p><!-- \/wp:paragraph --><\/p>\n<p>Les <strong>NOUVELLES INSCRIPTIONS <\/strong>auront lieu pendant les cours. Une autorisation parentale pour les jeunes de 16 \u00e0 18 ans est n\u00e9cessaire.<\/p>\n<p><!-- wp:paragraph {\"className\":\"has-text-align-center has-white-color has-black-background-color has-text-color has-background has-medium-font-size\"} --><\/p>\n<p><!-- \/wp:paragraph --><\/p>\n<p><!-- wp:paragraph {\"className\":\"has-black-color has-text-color has-normal-font-size\"} --><\/p>\n<p><!-- \/wp:paragraph --><\/p>\n<p><!-- wp:paragraph {\"textColor\":\"black\",\"fontSize\":\"medium\"} --><\/p>\n<p><!-- \/wp:list-item --><\/p>\n<p><!-- \/wp:list --><\/p>\n<p><!-- wp:paragraph {\"backgroundColor\":\"light-gray\",\"textColor\":\"black\",\"className\":\"has-light-gray-color has-medium-gray-background-color\"} --><\/p>\n<p class=\"has-light-gray-color has-medium-gray-background-color has-black-color has-light-gray-background-color has-text-color has-background\">*<em><strong>Aide \u00e0 la pratique sportive<\/strong>\u00a0: La municipalit\u00e9 met en place un dispositif d\u2019aide destin\u00e9 \u00e0 prendre en charge une partie de la cotisation des sportifs licenci\u00e9s dans un club villeneuvois sous condition de ressources (quotient familial inf\u00e9rieur \u00e0 8310\u20ac &#8211; 1 demande par an et par personne \u2013 date limite 31 janvier 2025). Pour en savoir plus consultez le site de l&rsquo;Office Municipal des Sports (OMS) \u00e0 l&rsquo;adresse suivante<\/em> :<br \/><a href=\"http:\/\/www.sport-omsvdascq.fr\/aides-municipales\/adultsport\/\">http:\/\/www.sport-omsvdascq.fr\/aides-municipales\/adultsport\/<\/a><br \/>ou <em>adressez-vous \u00e0 <a href=\"mailto:secretariat@fosgv-vdascq.fr?subject=Aide \u00e0 la pratique sportive\">No\u00ebl Ruaux<\/a><\/em><\/p>\n<p><!-- \/wp:paragraph --><\/p>","protected":false},"excerpt":{"rendered":"<p>COURS Les cours sont dispens\u00e9s tout au long de la saison 2025-2026, sauf pendant les vacances scolaires et les jours f\u00e9ri\u00e9s. TARIFS* SAISON 2025 &#8211; 2026 : Montant de la cotisation annuelle (non remboursable) qui permet de participer \u00e0 autant &hellip; <a href=\"https:\/\/fosgv-vdascq.fr\/index.php\/tarifs\/\">Continuer la lecture <span class=\"meta-nav\">&rarr;<\/span><\/a><\/p>\n","protected":false},"author":4,"featured_media":0,"parent":0,"menu_order":0,"comment_status":"closed","ping_status":"closed","template":"","meta":{"jetpack_post_was_ever_published":false,"footnotes":""},"class_list":["post-37","page","type-page","status-publish","hentry"],"jetpack_sharing_enabled":true,"jetpack_shortlink":"https:\/\/wp.me\/P7ic72-B","jetpack-related-posts":[],"_links":{"self":[{"href":"https:\/\/fosgv-vdascq.fr\/index.php\/wp-json\/wp\/v2\/pages\/37","targetHints":{"allow":["GET"]}}],"collection":[{"href":"https:\/\/fosgv-vdascq.fr\/index.php\/wp-json\/wp\/v2\/pages"}],"about":[{"href":"https:\/\/fosgv-vdascq.fr\/index.php\/wp-json\/wp\/v2\/types\/page"}],"author":[{"embeddable":true,"href":"https:\/\/fosgv-vdascq.fr\/index.php\/wp-json\/wp\/v2\/users\/4"}],"replies":[{"embeddable":true,"href":"https:\/\/fosgv-vdascq.fr\/index.php\/wp-json\/wp\/v2\/comments?post=37"}],"version-history":[{"count":159,"href":"https:\/\/fosgv-vdascq.fr\/index.php\/wp-json\/wp\/v2\/pages\/37\/revisions"}],"predecessor-version":[{"id":30642,"href":"https:\/\/fosgv-vdascq.fr\/index.php\/wp-json\/wp\/v2\/pages\/37\/revisions\/30642"}],"wp:attachment":[{"href":"https:\/\/fosgv-vdascq.fr\/index.php\/wp-json\/wp\/v2\/media?parent=37"}],"curies":[{"name":"wp","href":"https:\/\/api.w.org\/{rel}","templated":true}]}}