{"id":48,"date":"2016-03-02T15:00:36","date_gmt":"2016-03-02T14:00:36","guid":{"rendered":"http:\/\/fosgv-vdascq.fr\/?page_id=48"},"modified":"2025-04-04T15:57:00","modified_gmt":"2025-04-04T14:57:00","slug":"mentions-legales","status":"publish","type":"page","link":"https:\/\/fosgv-vdascq.fr\/index.php\/mentions-legales\/","title":{"rendered":"Mentions l\u00e9gales"},"content":{"rendered":"\n<div class=\"wp-block-media-text alignwide is-stacked-on-mobile\" style=\"grid-template-columns:37% auto\"><figure class=\"wp-block-media-text__media\"><img data-recalc-dims=\"1\" loading=\"lazy\" decoding=\"async\" width=\"250\" height=\"151\" data-attachment-id=\"144\" data-permalink=\"https:\/\/fosgv-vdascq.fr\/giflogocolorsmall-logo\/\" data-orig-file=\"https:\/\/i0.wp.com\/fosgv-vdascq.fr\/wp-content\/uploads\/2016\/03\/GIFlogoColorSmall-logo.gif?fit=250%2C151&amp;ssl=1\" data-orig-size=\"250,151\" data-comments-opened=\"1\" data-image-meta=\"{&quot;aperture&quot;:&quot;0&quot;,&quot;credit&quot;:&quot;&quot;,&quot;camera&quot;:&quot;&quot;,&quot;caption&quot;:&quot;&quot;,&quot;created_timestamp&quot;:&quot;0&quot;,&quot;copyright&quot;:&quot;&quot;,&quot;focal_length&quot;:&quot;0&quot;,&quot;iso&quot;:&quot;0&quot;,&quot;shutter_speed&quot;:&quot;0&quot;,&quot;title&quot;:&quot;&quot;,&quot;orientation&quot;:&quot;0&quot;}\" data-image-title=\"GIFlogoColorSmall logo\" data-image-description=\"\" data-image-caption=\"\" data-large-file=\"https:\/\/i0.wp.com\/fosgv-vdascq.fr\/wp-content\/uploads\/2016\/03\/GIFlogoColorSmall-logo.gif?fit=250%2C151&amp;ssl=1\" src=\"https:\/\/i0.wp.com\/fosgv-vdascq.fr\/wp-content\/uploads\/2016\/03\/GIFlogoColorSmall-logo.gif?resize=250%2C151&#038;ssl=1\" alt=\"\" class=\"wp-image-144 size-full\"\/><\/figure><div class=\"wp-block-media-text__content\">\n<p class=\"has-text-align-center has-normal-font-size\"><strong>FOS GV<\/strong><br> Ferme Dupire, 80 rue Yves Decugis<br> 59650 VILLENEUVE D&rsquo;ASCQ<br>SIRET : 41991834700040<br> APE : 9312Z<\/p>\n<\/div><\/div>\n\n\n\n<pre class=\"wp-block-verse\"><\/pre>\n\n\n\n<div class=\"wp-block-media-text alignwide is-stacked-on-mobile\" style=\"grid-template-columns:22% auto\"><figure class=\"wp-block-media-text__media\"><img data-recalc-dims=\"1\" decoding=\"async\" data-attachment-id=\"144\" data-permalink=\"https:\/\/fosgv-vdascq.fr\/giflogocolorsmall-logo\/\" data-orig-file=\"https:\/\/i0.wp.com\/fosgv-vdascq.fr\/wp-content\/uploads\/2016\/03\/GIFlogoColorSmall-logo.gif?fit=250%2C151&amp;ssl=1\" data-orig-size=\"250,151\" data-comments-opened=\"1\" data-image-meta=\"{&quot;aperture&quot;:&quot;0&quot;,&quot;credit&quot;:&quot;&quot;,&quot;camera&quot;:&quot;&quot;,&quot;caption&quot;:&quot;&quot;,&quot;created_timestamp&quot;:&quot;0&quot;,&quot;copyright&quot;:&quot;&quot;,&quot;focal_length&quot;:&quot;0&quot;,&quot;iso&quot;:&quot;0&quot;,&quot;shutter_speed&quot;:&quot;0&quot;,&quot;title&quot;:&quot;&quot;,&quot;orientation&quot;:&quot;0&quot;}\" data-image-title=\"GIFlogoColorSmall logo\" data-image-description=\"\" data-image-caption=\"\" data-large-file=\"https:\/\/i0.wp.com\/fosgv-vdascq.fr\/wp-content\/uploads\/2016\/03\/GIFlogoColorSmall-logo.gif?fit=250%2C151&amp;ssl=1\" src=\"https:\/\/i0.wp.com\/fosgv-vdascq.fr\/wp-content\/uploads\/2016\/07\/Identit%C3%A9MJ.jpg?w=584&#038;ssl=1\" alt=\"\" class=\"wp-image-144 size-full\"\/><\/figure><div class=\"wp-block-media-text__content\">\n<p class=\"has-text-align-center has-normal-font-size\"><strong>PR\u00c9SIDENTE<\/strong><br> Marie-Jeanne RUAUX<br> 75\/16 avenue de Flandre<br> 59170 CROIX<br> <br> T\u00e9l:&nbsp; 03 20 89 16 76 &nbsp; &nbsp;&nbsp; Mail : &nbsp; mj.ruaux@free.fr<\/p>\n<\/div><\/div>\n\n\n\n<div class=\"wp-block-media-text alignwide is-stacked-on-mobile\" style=\"grid-template-columns:22% auto\"><figure class=\"wp-block-media-text__media\"><\/figure><div class=\"wp-block-media-text__content\">\n<p class=\"has-text-align-center has-normal-font-size\"><strong>TR\u00c9SORI\u00c8RE<\/strong><br> Nathalie COCHE<br>27 rue Ferrer<br>59650 VILLENEUVE D&rsquo;ASCQ<br><br> T\u00e9l 06 82 58 78 14\u00a0\u00a0 Mail:\u00a0 ncocheasso@gmail.com<\/p>\n<\/div><\/div>\n\n\n\n<div class=\"wp-block-media-text alignwide is-stacked-on-mobile\" style=\"grid-template-columns:22% auto\"><figure class=\"wp-block-media-text__media\"><img data-recalc-dims=\"1\" loading=\"lazy\" decoding=\"async\" width=\"162\" height=\"185\" data-attachment-id=\"28967\" data-permalink=\"https:\/\/fosgv-vdascq.fr\/nr\/\" data-orig-file=\"https:\/\/i0.wp.com\/fosgv-vdascq.fr\/wp-content\/uploads\/2024\/01\/NR.jpg?fit=162%2C185&amp;ssl=1\" data-orig-size=\"162,185\" data-comments-opened=\"1\" data-image-meta=\"{&quot;aperture&quot;:&quot;0&quot;,&quot;credit&quot;:&quot;&quot;,&quot;camera&quot;:&quot;&quot;,&quot;caption&quot;:&quot;&quot;,&quot;created_timestamp&quot;:&quot;0&quot;,&quot;copyright&quot;:&quot;&quot;,&quot;focal_length&quot;:&quot;0&quot;,&quot;iso&quot;:&quot;0&quot;,&quot;shutter_speed&quot;:&quot;0&quot;,&quot;title&quot;:&quot;&quot;,&quot;orientation&quot;:&quot;1&quot;}\" data-image-title=\"NR\" data-image-description=\"\" data-image-caption=\"\" data-large-file=\"https:\/\/i0.wp.com\/fosgv-vdascq.fr\/wp-content\/uploads\/2024\/01\/NR.jpg?fit=162%2C185&amp;ssl=1\" src=\"https:\/\/i0.wp.com\/fosgv-vdascq.fr\/wp-content\/uploads\/2024\/01\/NR.jpg?resize=162%2C185&#038;ssl=1\" alt=\"\" class=\"wp-image-28967 size-full\"\/><\/figure><div class=\"wp-block-media-text__content\">\n<p class=\"has-text-align-center has-normal-font-size\"><strong>SECR\u00c9TAIRE<\/strong><br> No\u00ebl RUAUX<br>75\/16 Avenue de Flandre<br>59170 CROIX<br><br> T\u00e9l 03 20 89 16 76   Mail:  fosgvsecretariat@gmail.com<\/p>\n<\/div><\/div>\n\n\n\n<p><\/p>\n","protected":false},"excerpt":{"rendered":"<p>FOS GV Ferme Dupire, 80 rue Yves Decugis 59650 VILLENEUVE D&rsquo;ASCQSIRET : 41991834700040 APE : 9312Z PR\u00c9SIDENTE Marie-Jeanne RUAUX 75\/16 avenue de Flandre 59170 CROIX T\u00e9l:&nbsp; 03 20 89 16 76 &nbsp; &nbsp;&nbsp; Mail : &nbsp; mj.ruaux@free.fr TR\u00c9SORI\u00c8RE Nathalie COCHE27 &hellip; <a href=\"https:\/\/fosgv-vdascq.fr\/index.php\/mentions-legales\/\">Continuer la lecture <span class=\"meta-nav\">&rarr;<\/span><\/a><\/p>\n","protected":false},"author":1,"featured_media":0,"parent":0,"menu_order":0,"comment_status":"closed","ping_status":"closed","template":"","meta":{"footnotes":""},"class_list":["post-48","page","type-page","status-publish","hentry"],"jetpack_sharing_enabled":true,"jetpack_shortlink":"https:\/\/wp.me\/P7ic72-M","jetpack-related-posts":[],"_links":{"self":[{"href":"https:\/\/fosgv-vdascq.fr\/index.php\/wp-json\/wp\/v2\/pages\/48","targetHints":{"allow":["GET"]}}],"collection":[{"href":"https:\/\/fosgv-vdascq.fr\/index.php\/wp-json\/wp\/v2\/pages"}],"about":[{"href":"https:\/\/fosgv-vdascq.fr\/index.php\/wp-json\/wp\/v2\/types\/page"}],"author":[{"embeddable":true,"href":"https:\/\/fosgv-vdascq.fr\/index.php\/wp-json\/wp\/v2\/users\/1"}],"replies":[{"embeddable":true,"href":"https:\/\/fosgv-vdascq.fr\/index.php\/wp-json\/wp\/v2\/comments?post=48"}],"version-history":[{"count":35,"href":"https:\/\/fosgv-vdascq.fr\/index.php\/wp-json\/wp\/v2\/pages\/48\/revisions"}],"predecessor-version":[{"id":29955,"href":"https:\/\/fosgv-vdascq.fr\/index.php\/wp-json\/wp\/v2\/pages\/48\/revisions\/29955"}],"wp:attachment":[{"href":"https:\/\/fosgv-vdascq.fr\/index.php\/wp-json\/wp\/v2\/media?parent=48"}],"curies":[{"name":"wp","href":"https:\/\/api.w.org\/{rel}","templated":true}]}}